{"id":255,"date":"2016-05-23T10:30:24","date_gmt":"2016-05-23T10:30:24","guid":{"rendered":"http:\/\/test.kriesi.at\/enfold-health-coach\/?page_id=255"},"modified":"2022-12-20T19:32:16","modified_gmt":"2022-12-20T18:32:16","slug":"contacto","status":"publish","type":"page","link":"https:\/\/medinarent.com\/medina\/contacto\/","title":{"rendered":"Contacto"},"content":{"rendered":"<div id='full_slider_1'  class='avia-fullwidth-slider main_color avia-shadow   avia-builder-el-0  el_before_av_layout_row  avia-builder-el-first   container_wrap sidebar_right'  ><div  class='avia-slideshow av-khvv16zc-31943354998bbdf66c8dab0162958f63 avia-slideshow-featured av_slideshow_full avia-slide-slider av-slideshow-ui av-control-default av-slideshow-manual av-loop-once av-loop-manual-endless av-default-height-applied   avia-slideshow-1' data-slideshow-options=\"{&quot;animation&quot;:&quot;slide&quot;,&quot;autoplay&quot;:false,&quot;loop_autoplay&quot;:&quot;once&quot;,&quot;interval&quot;:5,&quot;loop_manual&quot;:&quot;manual-endless&quot;,&quot;autoplay_stopper&quot;:false,&quot;noNavigation&quot;:false,&quot;bg_slider&quot;:false,&quot;keep_padding&quot;:false,&quot;hoverpause&quot;:false,&quot;show_slide_delay&quot;:0}\"  itemprop=\"image\" itemscope=\"itemscope\" itemtype=\"https:\/\/schema.org\/ImageObject\" ><ul class='avia-slideshow-inner ' style='padding-bottom: 28.666666666667%;'><li  class='avia-slideshow-slide av-khvv16zc-31943354998bbdf66c8dab0162958f63__0  av-single-slide slide-1 slide-odd'><div data-rel='slideshow-1' class='avia-slide-wrap '   ><img decoding=\"async\" class=\"wp-image-402 avia-img-lazy-loading-not-402\"  src=\"https:\/\/medinarent.com\/medina\/wp-content\/uploads\/2020\/10\/destacado-1500x430.jpg\" width=\"1500\" height=\"430\" title='Medina &amp; Partner Luxury Properties Mallorca' alt='Medina &amp; Partner Luxury Properties Mallorca'  itemprop=\"thumbnailUrl\"  style='min-height:250px; min-width:873px; ' \/><\/div><\/li><\/ul><\/div><\/div>\n<div id='welcome'  class='av-layout-grid-container av-95mx7r-9f4c25637039392dc7405f6547656f07 entry-content-wrapper main_color av-fixed-cells  avia-builder-el-1  el_after_av_slideshow_full  el_before_av_section  grid-row-not-first  container_wrap sidebar_right'  >\n\n<style type=\"text\/css\" data-created_by=\"avia_inline_auto\" id=\"style-css-av-925jbr-53a345ee29ca84fdeb8a531a3ab5f046\">\n.flex_cell.av-925jbr-53a345ee29ca84fdeb8a531a3ab5f046{\nvertical-align:top;\nheight:15px;\nmin-height:15px;\npadding:0px 0px 0px 0px;\nbackground-color:#bf930d;\n}\n<\/style>\n<div class='flex_cell av-925jbr-53a345ee29ca84fdeb8a531a3ab5f046 av-gridrow-cell av_one_fourth no_margin  avia-builder-el-2  el_before_av_cell_one_fourth  avia-builder-el-first  av-zero-padding' ><div class='flex_cell_inner'><\/div><\/div>\n<style type=\"text\/css\" data-created_by=\"avia_inline_auto\" id=\"style-css-av-8x61wn-aecc6b7d5a6ad77964b0a5787434055e\">\n.flex_cell.av-8x61wn-aecc6b7d5a6ad77964b0a5787434055e{\nvertical-align:top;\nheight:15px;\nmin-height:15px;\npadding:0px 0px 0px 0px;\nbackground-color:#cca93d;\n}\n<\/style>\n<div class='flex_cell av-8x61wn-aecc6b7d5a6ad77964b0a5787434055e av-gridrow-cell av_one_fourth no_margin  avia-builder-el-3  el_after_av_cell_one_fourth  el_before_av_cell_one_fourth  av-zero-padding' ><div class='flex_cell_inner'><\/div><\/div>\n<style type=\"text\/css\" data-created_by=\"avia_inline_auto\" id=\"style-css-av-8qpfof-fe1e27e8e6378fd761c66990eabbf880\">\n.flex_cell.av-8qpfof-fe1e27e8e6378fd761c66990eabbf880{\nvertical-align:top;\nheight:15px;\nmin-height:15px;\npadding:0px 0px 0px 0px;\nbackground-color:#dfc986;\n}\n<\/style>\n<div class='flex_cell av-8qpfof-fe1e27e8e6378fd761c66990eabbf880 av-gridrow-cell av_one_fourth no_margin  avia-builder-el-4  el_after_av_cell_one_fourth  el_before_av_cell_one_fourth  av-zero-padding' ><div class='flex_cell_inner'><\/div><\/div>\n<style type=\"text\/css\" data-created_by=\"avia_inline_auto\" id=\"style-css-av-8l7thb-0b43a3252c7012bc649f7b44e91ff413\">\n.flex_cell.av-8l7thb-0b43a3252c7012bc649f7b44e91ff413{\nvertical-align:top;\nheight:15px;\nmin-height:15px;\npadding:0px 0px 0px 0px;\nbackground-color:#ecdeb6;\n}\n<\/style>\n<div class='flex_cell av-8l7thb-0b43a3252c7012bc649f7b44e91ff413 av-gridrow-cell av_one_fourth no_margin  avia-builder-el-5  el_after_av_cell_one_fourth  avia-builder-el-last  av-zero-padding' ><div class='flex_cell_inner'><\/div><\/div>\n<\/div>\n<div id='av_section_1'  class='avia-section av-4mi08b-2938856d0621bface82368f61a0b5841 main_color avia-section-huge avia-no-border-styling  avia-builder-el-6  el_after_av_layout_row  el_before_av_layout_row  avia-bg-style-scroll container_wrap sidebar_right'  ><div class='container av-section-cont-open' ><div class='template-page content  av-content-small alpha units'><div class='post-entry post-entry-type-page post-entry-255'><div class='entry-content-wrapper clearfix'>\n\n<style type=\"text\/css\" data-created_by=\"avia_inline_auto\" id=\"style-css-av-4czzqb-64e3c6c5e518a9f42e34aa7d3ec427e7\">\n.flex_column.av-4czzqb-64e3c6c5e518a9f42e34aa7d3ec427e7{\n-webkit-border-radius:0px 0px 0px 0px;\n-moz-border-radius:0px 0px 0px 0px;\nborder-radius:0px 0px 0px 0px;\n}\n<\/style>\n<div class='flex_column av-4czzqb-64e3c6c5e518a9f42e34aa7d3ec427e7 av_one_half  avia-builder-el-7  el_before_av_one_half  avia-builder-el-first  first flex_column_div av-zero-column-padding '     ><p>\n<style type=\"text\/css\" data-created_by=\"avia_inline_auto\" id=\"style-css-av-cl68n-78db1c9218e3d34ae9350efdee1df3f4\">\n#top .av-special-heading.av-cl68n-78db1c9218e3d34ae9350efdee1df3f4{\npadding-bottom:30px;\nfont-size:40px;\n}\nbody .av-special-heading.av-cl68n-78db1c9218e3d34ae9350efdee1df3f4 .av-special-heading-tag .heading-char{\nfont-size:25px;\n}\n#top #wrap_all .av-special-heading.av-cl68n-78db1c9218e3d34ae9350efdee1df3f4 .av-special-heading-tag{\nfont-size:40px;\n}\n.av-special-heading.av-cl68n-78db1c9218e3d34ae9350efdee1df3f4 .av-subheading{\nfont-size:15px;\n}\n<\/style>\n<div  class='av-special-heading av-cl68n-78db1c9218e3d34ae9350efdee1df3f4 av-special-heading-h1 blockquote modern-quote  avia-builder-el-8  el_before_av_textblock  avia-builder-el-first  av-inherit-size'><h1 class='av-special-heading-tag'  itemprop=\"headline\"  >Contacte con nosotros<\/h1><div class=\"special-heading-border\"><div class=\"special-heading-inner-border\"><\/div><\/div><\/div><br \/>\n<section  class='av_textblock_section av-3v0edj-e7a330aeae6c6cbb33713f95b6e6acfc'  itemscope=\"itemscope\" itemtype=\"https:\/\/schema.org\/CreativeWork\" ><div class='avia_textblock'  itemprop=\"text\" ><p style=\"text-align: justify;\">Contacte con nosotros a trav\u00e9s de nuestros diferentes canales o h\u00e1ganos llegar nuestro formulario de contacto, con el cual le responderemos con la mayor brevedad.<\/p>\n<p style=\"text-align: justify;\">Recuerde tambi\u00e9n suscribirse a nuestra newsletter y mant\u00e9ngase informado de todas nuestras noticias y novedades.<\/p>\n<\/div><\/section><br \/>\n\n<style type=\"text\/css\" data-created_by=\"avia_inline_auto\" id=\"style-css-av-3oe3o7-a020526d7d5cf9f161834f016064a303\">\n#top .hr.hr-invisible.av-3oe3o7-a020526d7d5cf9f161834f016064a303{\nheight:20px;\n}\n<\/style>\n<div  class='hr av-3oe3o7-a020526d7d5cf9f161834f016064a303 hr-invisible  avia-builder-el-10  el_after_av_textblock  el_before_av_image '><span class='hr-inner '><span class=\"hr-inner-style\"><\/span><\/span><\/div><br \/>\n\n<style type=\"text\/css\" data-created_by=\"avia_inline_auto\" id=\"style-css-av-khvv73eg-a05e720e172d05024876e5e0fbce552a\">\n.avia-image-container.av-khvv73eg-a05e720e172d05024876e5e0fbce552a .avia-image-container-inner{\ntransform:scale3d( 1, 1, 1 ) skew( 0, 0 ) translate3d( 0, 0, 0 );\n}\n.avia-image-container.av-khvv73eg-a05e720e172d05024876e5e0fbce552a img.avia_image{\nbox-shadow:none;\n}\n.avia-image-container.av-khvv73eg-a05e720e172d05024876e5e0fbce552a .av-image-caption-overlay-center{\ncolor:#ffffff;\n}\n\n@media only screen and (min-width: 768px) and (max-width: 989px){ \n.avia-image-container.av-khvv73eg-a05e720e172d05024876e5e0fbce552a .avia-image-container-inner{\ntransform:scale3d( 1, 1, 1 ) skew( 0, 0 ) translate3d( 0, 0, 0 );\n}\n}\n\n@media only screen and (min-width: 480px) and (max-width: 767px){ \n.avia-image-container.av-khvv73eg-a05e720e172d05024876e5e0fbce552a .avia-image-container-inner{\ntransform:scale3d( 1, 1, 1 ) skew( 0, 0 ) translate3d( 0, 0, 0 );\n}\n}\n\n@media only screen and (max-width: 479px){ \n.avia-image-container.av-khvv73eg-a05e720e172d05024876e5e0fbce552a .avia-image-container-inner{\ntransform:scale3d( 1, 1, 1 ) skew( 0, 0 ) translate3d( 0, 0, 0 );\n}\n}\n<\/style>\n<div  class='avia-image-container av-khvv73eg-a05e720e172d05024876e5e0fbce552a av-styling- avia-align-center  avia-builder-el-11  el_after_av_hr  el_before_av_hr  av-custom-transform'   itemprop=\"image\" itemscope=\"itemscope\" itemtype=\"https:\/\/schema.org\/ImageObject\" ><div class=\"avia-image-container-inner\"><div class=\"avia-image-overlay-wrap\"><img decoding=\"async\" class='wp-image-392 avia-img-lazy-loading-not-392 avia_image ' src=\"https:\/\/medinarent.com\/medina\/wp-content\/uploads\/2020\/10\/medina-partner-logo_n-300x157.png\" alt='Medina &amp; Partner Luxury Properties Mallorca' title='Medina &amp; Partner Luxury Properties Mallorca'  height=\"157\" width=\"300\"  itemprop=\"thumbnailUrl\" srcset=\"https:\/\/medinarent.com\/medina\/wp-content\/uploads\/2020\/10\/medina-partner-logo_n-300x157.png 300w, https:\/\/medinarent.com\/medina\/wp-content\/uploads\/2020\/10\/medina-partner-logo_n.png 523w\" sizes=\"(max-width: 300px) 100vw, 300px\" \/><\/div><\/div><\/div><br \/>\n\n<style type=\"text\/css\" data-created_by=\"avia_inline_auto\" id=\"style-css-av-3oe3o7-a020526d7d5cf9f161834f016064a303\">\n#top .hr.hr-invisible.av-3oe3o7-a020526d7d5cf9f161834f016064a303{\nheight:20px;\n}\n<\/style>\n<div  class='hr av-3oe3o7-a020526d7d5cf9f161834f016064a303 hr-invisible  avia-builder-el-12  el_after_av_image  el_before_av_heading '><span class='hr-inner '><span class=\"hr-inner-style\"><\/span><\/span><\/div><br \/>\n\n<style type=\"text\/css\" data-created_by=\"avia_inline_auto\" id=\"style-css-av-16m5b-1b6d5de53af0ff2ff9d6bd07815d461a\">\n#top .av-special-heading.av-16m5b-1b6d5de53af0ff2ff9d6bd07815d461a{\npadding-bottom:30px;\nfont-size:40px;\n}\nbody .av-special-heading.av-16m5b-1b6d5de53af0ff2ff9d6bd07815d461a .av-special-heading-tag .heading-char{\nfont-size:25px;\n}\n#top #wrap_all .av-special-heading.av-16m5b-1b6d5de53af0ff2ff9d6bd07815d461a .av-special-heading-tag{\nfont-size:40px;\n}\n.av-special-heading.av-16m5b-1b6d5de53af0ff2ff9d6bd07815d461a .av-subheading{\nfont-size:15px;\n}\n<\/style>\n<div  class='av-special-heading av-16m5b-1b6d5de53af0ff2ff9d6bd07815d461a av-special-heading-h1 blockquote modern-quote  avia-builder-el-13  el_after_av_hr  el_before_av_textblock  av-inherit-size'><h1 class='av-special-heading-tag'  itemprop=\"headline\"  >Oficinas centrales<\/h1><div class=\"special-heading-border\"><div class=\"special-heading-inner-border\"><\/div><\/div><\/div><br \/>\n<section  class='av_textblock_section av-3v0edj-e250f97c7476569230c1263cbd3b0ab5'  itemscope=\"itemscope\" itemtype=\"https:\/\/schema.org\/CreativeWork\" ><div class='avia_textblock'  itemprop=\"text\" ><div>\n<div>\n<div class=\"vk_sh vk_bk\">\n<div class=\"desktop-title-content\">Av. Pere Mas i Reus 25<br \/>\n07400 \u2013 Alcudia \u00b7 BALEARES<br \/>\nTel. +34 659 87 48 66<br \/>\n<strong>info@MP-Luxury.com<\/strong><\/div>\n<\/div>\n<\/div>\n<\/div>\n<\/div><\/section><\/p><\/div>\n<style type=\"text\/css\" data-created_by=\"avia_inline_auto\" id=\"style-css-av-405tm3-27890f8c49b7601dd360eb4db4e9da8e\">\n.flex_column.av-405tm3-27890f8c49b7601dd360eb4db4e9da8e{\n-webkit-border-radius:0px 0px 0px 0px;\n-moz-border-radius:0px 0px 0px 0px;\nborder-radius:0px 0px 0px 0px;\n}\n<\/style>\n<div class='flex_column av-405tm3-27890f8c49b7601dd360eb4db4e9da8e av_one_half  avia-builder-el-15  el_after_av_one_half  el_before_av_hr  flex_column_div av-zero-column-padding '     ><form action=\"https:\/\/medinarent.com\/medina\/contacto\/\" method=\"post\"  class=\"avia_ajax_form av-form-labels-visible   avia-builder-el-16  avia-builder-el-no-sibling   \" data-avia-form-id=\"1\" data-avia-redirect='' ><fieldset><p class='  first_form  form_element form_fullwidth' id='element_avia_1_1'><label for=\"avia_1_1\">Nombre <abbr class=\"required\" title=\"requerido\">*<\/abbr><\/label> <input name=\"avia_1_1\" class=\"text_input is_empty\" type=\"text\" id=\"avia_1_1\" value=\"\" \/><\/p><p class='  first_form  form_element form_element_half' id='element_avia_2_1'><label for=\"avia_2_1\">E-Mail <abbr class=\"required\" title=\"requerido\">*<\/abbr><\/label> <input name=\"avia_2_1\" class=\"text_input is_email\" type=\"text\" id=\"avia_2_1\" value=\"\" \/><\/p><p class='  form_element form_element_half' id='element_avia_3_1'><label for=\"avia_3_1\">Tel\u00e9fono <abbr class=\"required\" title=\"requerido\">*<\/abbr><\/label> <input name=\"avia_3_1\" class=\"text_input is_empty\" type=\"text\" id=\"avia_3_1\" value=\"\" \/><\/p><p class='  first_form  form_element form_fullwidth' id='element_avia_4_1'><label for=\"avia_4_1\">Asunto <abbr class=\"required\" title=\"requerido\">*<\/abbr><\/label> <input name=\"avia_4_1\" class=\"text_input is_empty\" type=\"text\" id=\"avia_4_1\" value=\"\" \/><\/p><p class='  first_form  form_element form_fullwidth' id='element_avia_5_1'><label for=\"avia_5_1\" class=\"textare_label hidden textare_label_avia_5_1\">Comentarios <abbr class=\"required\" title=\"requerido\">*<\/abbr><\/label><textarea  name=\"avia_5_1\" class=\"text_area is_empty\" cols=\"40\" rows=\"7\" id=\"avia_5_1\" ><\/textarea><\/p><p class=\"hidden\"><input type=\"text\" name=\"avia_6_1\" class=\"hidden \" id=\"avia_6_1\" value=\"\" \/><\/p><p class='   form_element form_fullwidth' id='element_avia_7_1'><span class='value_verifier_label'>1 + 1 = ?<\/span><input name=\"avia_7_1_verifier\" type=\"hidden\" id=\"avia_7_1_verifier\" value=\"787483327\"\/><label for=\"avia_7_1\">Para mayor seguridad, responde la siguiente pregunta <abbr class=\"required\" title=\"requerido\">*<\/abbr><\/label><input name=\"avia_7_1\" class=\"text_input captcha\" type=\"text\" id=\"avia_7_1\" value=\"\"\/><\/p><p class=\"form_element \"><input type=\"hidden\" value=\"1\" name=\"avia_generated_form1\" \/><input type=\"submit\" value=\"Enviar\" class=\"button\"  data-sending-label=\"Enviando\"\/><\/p><\/fieldset><\/form><div id=\"ajaxresponse_1\" class=\"ajaxresponse ajaxresponse_1 hidden\"><\/div><\/div>\n<style type=\"text\/css\" data-created_by=\"avia_inline_auto\" id=\"style-css-av-5w37kb-dae3453a4319343dcd8433b4dbe51d5c\">\n#top .hr.hr-invisible.av-5w37kb-dae3453a4319343dcd8433b4dbe51d5c{\nheight:20px;\n}\n<\/style>\n<div  class='hr av-5w37kb-dae3453a4319343dcd8433b4dbe51d5c hr-invisible  avia-builder-el-17  el_after_av_one_half  avia-builder-el-last '><span class='hr-inner '><span class=\"hr-inner-style\"><\/span><\/span><\/div>\n<\/div><\/div><\/div><!-- close content main div --><\/div><\/div><div id='welcome'  class='av-layout-grid-container av-95mx7r-9f4c25637039392dc7405f6547656f07 entry-content-wrapper main_color av-fixed-cells  avia-builder-el-18  el_after_av_section  el_before_av_section  grid-row-not-first  container_wrap sidebar_right'  >\n\n<style type=\"text\/css\" data-created_by=\"avia_inline_auto\" id=\"style-css-av-925jbr-53a345ee29ca84fdeb8a531a3ab5f046\">\n.flex_cell.av-925jbr-53a345ee29ca84fdeb8a531a3ab5f046{\nvertical-align:top;\nheight:15px;\nmin-height:15px;\npadding:0px 0px 0px 0px;\nbackground-color:#bf930d;\n}\n<\/style>\n<div class='flex_cell av-925jbr-53a345ee29ca84fdeb8a531a3ab5f046 av-gridrow-cell av_one_fourth no_margin  avia-builder-el-19  el_before_av_cell_one_fourth  avia-builder-el-first  av-zero-padding' ><div class='flex_cell_inner'><\/div><\/div>\n<style type=\"text\/css\" data-created_by=\"avia_inline_auto\" id=\"style-css-av-8x61wn-aecc6b7d5a6ad77964b0a5787434055e\">\n.flex_cell.av-8x61wn-aecc6b7d5a6ad77964b0a5787434055e{\nvertical-align:top;\nheight:15px;\nmin-height:15px;\npadding:0px 0px 0px 0px;\nbackground-color:#cca93d;\n}\n<\/style>\n<div class='flex_cell av-8x61wn-aecc6b7d5a6ad77964b0a5787434055e av-gridrow-cell av_one_fourth no_margin  avia-builder-el-20  el_after_av_cell_one_fourth  el_before_av_cell_one_fourth  av-zero-padding' ><div class='flex_cell_inner'><\/div><\/div>\n<style type=\"text\/css\" data-created_by=\"avia_inline_auto\" id=\"style-css-av-8qpfof-fe1e27e8e6378fd761c66990eabbf880\">\n.flex_cell.av-8qpfof-fe1e27e8e6378fd761c66990eabbf880{\nvertical-align:top;\nheight:15px;\nmin-height:15px;\npadding:0px 0px 0px 0px;\nbackground-color:#dfc986;\n}\n<\/style>\n<div class='flex_cell av-8qpfof-fe1e27e8e6378fd761c66990eabbf880 av-gridrow-cell av_one_fourth no_margin  avia-builder-el-21  el_after_av_cell_one_fourth  el_before_av_cell_one_fourth  av-zero-padding' ><div class='flex_cell_inner'><\/div><\/div>\n<style type=\"text\/css\" data-created_by=\"avia_inline_auto\" id=\"style-css-av-8l7thb-0b43a3252c7012bc649f7b44e91ff413\">\n.flex_cell.av-8l7thb-0b43a3252c7012bc649f7b44e91ff413{\nvertical-align:top;\nheight:15px;\nmin-height:15px;\npadding:0px 0px 0px 0px;\nbackground-color:#ecdeb6;\n}\n<\/style>\n<div class='flex_cell av-8l7thb-0b43a3252c7012bc649f7b44e91ff413 av-gridrow-cell av_one_fourth no_margin  avia-builder-el-22  el_after_av_cell_one_fourth  avia-builder-el-last  av-zero-padding' ><div class='flex_cell_inner'><\/div><\/div>\n<\/div><\/p>\n\n<style type=\"text\/css\" data-created_by=\"avia_inline_auto\" id=\"style-css-av-1cjy1b-3db813274bfa12c2f89b1986c389e557\">\n.avia-section.av-1cjy1b-3db813274bfa12c2f89b1986c389e557{\nbackground-repeat:no-repeat;\nbackground-image:url(https:\/\/medinarent.com\/medina\/wp-content\/uploads\/2020\/10\/destacado.jpg);\nbackground-position:50% 50%;\nbackground-attachment:fixed;\n}\n.avia-section.av-1cjy1b-3db813274bfa12c2f89b1986c389e557 .av-section-color-overlay{\nopacity:0.8;\nbackground-color:#000000;\n}\n<\/style>\n<div id='av_section_2'  class='avia-section av-1cjy1b-3db813274bfa12c2f89b1986c389e557 alternate_color avia-section-huge avia-no-border-styling  avia-builder-el-23  el_after_av_layout_row  avia-builder-el-last  avia-full-stretch avia-bg-style-fixed av-section-color-overlay-active container_wrap sidebar_right'  data-section-bg-repeat='stretch'><div class=\"av-section-color-overlay-wrap\"><div class=\"av-section-color-overlay\"><\/div><div class='container av-section-cont-open' ><div class='template-page content  av-content-small alpha units'><div class='post-entry post-entry-type-page post-entry-255'><div class='entry-content-wrapper clearfix'>\n\n<style type=\"text\/css\" data-created_by=\"avia_inline_auto\" id=\"style-css-av-18r43z-f498ca736ee800aeb66e206ec1d9ef15\">\n.flex_column.av-18r43z-f498ca736ee800aeb66e206ec1d9ef15{\n-webkit-border-radius:0px 0px 0px 0px;\n-moz-border-radius:0px 0px 0px 0px;\nborder-radius:0px 0px 0px 0px;\n}\n<\/style>\n<div class='flex_column av-18r43z-f498ca736ee800aeb66e206ec1d9ef15 av_one_fifth  avia-builder-el-24  el_before_av_three_fifth  avia-builder-el-first  first flex_column_div av-zero-column-padding '     ><\/div>\n<style type=\"text\/css\" data-created_by=\"avia_inline_auto\" id=\"style-css-av-10sm2f-d9298df99e9d1cee1b776eac324375e9\">\n.flex_column.av-10sm2f-d9298df99e9d1cee1b776eac324375e9{\n-webkit-border-radius:0px 0px 0px 0px;\n-moz-border-radius:0px 0px 0px 0px;\nborder-radius:0px 0px 0px 0px;\n}\n<\/style>\n<div class='flex_column av-10sm2f-d9298df99e9d1cee1b776eac324375e9 av_three_fifth  avia-builder-el-25  el_after_av_one_fifth  el_before_av_one_fifth  flex_column_div av-zero-column-padding '     ><p>\n<style type=\"text\/css\" data-created_by=\"avia_inline_auto\" id=\"style-css-av-9axal-02e27b57cb4166c2984331df053ceaae\">\n#top .av-special-heading.av-9axal-02e27b57cb4166c2984331df053ceaae{\npadding-bottom:20px;\nfont-size:50px;\n}\nbody .av-special-heading.av-9axal-02e27b57cb4166c2984331df053ceaae .av-special-heading-tag .heading-char{\nfont-size:25px;\n}\n#top #wrap_all .av-special-heading.av-9axal-02e27b57cb4166c2984331df053ceaae .av-special-heading-tag{\nfont-size:50px;\n}\n.av-special-heading.av-9axal-02e27b57cb4166c2984331df053ceaae .av-subheading{\nfont-size:15px;\n}\n<\/style>\n<div  class='av-special-heading av-9axal-02e27b57cb4166c2984331df053ceaae av-special-heading-h1 blockquote modern-quote modern-centered  avia-builder-el-26  el_before_av_textblock  avia-builder-el-first  av-inherit-size'><h1 class='av-special-heading-tag'  itemprop=\"headline\"  >Suscr\u00edbase a nuestra Newsletter<\/h1><div class=\"special-heading-border\"><div class=\"special-heading-inner-border\"><\/div><\/div><\/div><br \/>\n<section  class='av_textblock_section av-q1p1z-de94bc06f4d57b477c5a77de2cdf877a'  itemscope=\"itemscope\" itemtype=\"https:\/\/schema.org\/CreativeWork\" ><div class='avia_textblock'  itemprop=\"text\" ><p style=\"text-align: center;\">Suscr\u00edbase a nuestra Newletter y recibir\u00e1 las novedades, tendencias, las propiedades m\u00e1s valoradas y todas las promociones de Medina &amp; Partner.<\/p>\n<\/div><\/section><br \/>\n\n<style type=\"text\/css\" data-created_by=\"avia_inline_auto\" id=\"style-css-av-nszyn-a7b005f3bae7e440f9486affaf5706e5\">\n#top .hr.hr-invisible.av-nszyn-a7b005f3bae7e440f9486affaf5706e5{\nheight:20px;\n}\n<\/style>\n<div  class='hr av-nszyn-a7b005f3bae7e440f9486affaf5706e5 hr-invisible  avia-builder-el-28  el_after_av_textblock  el_before_av_contact '><span class='hr-inner '><span class=\"hr-inner-style\"><\/span><\/span><\/div><br \/>\n<form action=\"https:\/\/medinarent.com\/medina\/contacto\/\" method=\"post\"  class=\"avia_ajax_form av-form-labels-visible   avia-builder-el-29  el_after_av_hr  avia-builder-el-last   \" data-avia-form-id=\"2\" data-avia-redirect='' ><fieldset><p class='  first_form  form_element form_element_half' id='element_avia_1_2'><label for=\"avia_1_2\">Nombre<\/label> <input name=\"avia_1_2\" class=\"text_input \" type=\"text\" id=\"avia_1_2\" value=\"\" \/><\/p><p class='  form_element form_element_half' id='element_avia_2_2'><label for=\"avia_2_2\">Correo electr\u00f3nico <abbr class=\"required\" title=\"requerido\">*<\/abbr><\/label> <input name=\"avia_2_2\" class=\"text_input is_email\" type=\"text\" id=\"avia_2_2\" value=\"\" \/><\/p><p class=\"hidden\"><input type=\"text\" name=\"avia_3_2\" class=\"hidden \" id=\"avia_3_2\" value=\"\" \/><\/p><p class='   form_element form_fullwidth' id='element_avia_4_2'><span class='value_verifier_label'>1 + 7 = ?<\/span><input name=\"avia_4_2_verifier\" type=\"hidden\" id=\"avia_4_2_verifier\" value=\"787748775\"\/><label for=\"avia_4_2\">Para mayor seguridad, responde la siguiente pregunta <abbr class=\"required\" title=\"requerido\">*<\/abbr><\/label><input name=\"avia_4_2\" class=\"text_input captcha\" type=\"text\" id=\"avia_4_2\" value=\"\"\/><\/p><p class=\"form_element \"><input type=\"hidden\" value=\"1\" name=\"avia_generated_form2\" \/><input type=\"submit\" value=\"Enviar\" class=\"button\"  data-sending-label=\"Enviando\"\/><\/p><\/fieldset><\/form><div id=\"ajaxresponse_2\" class=\"ajaxresponse ajaxresponse_2 hidden\"><\/div><\/p><\/div>\n<style type=\"text\/css\" data-created_by=\"avia_inline_auto\" id=\"style-css-av-b53xb-10b38ccd4febfdd730f5494c1e2022ae\">\n.flex_column.av-b53xb-10b38ccd4febfdd730f5494c1e2022ae{\n-webkit-border-radius:0px 0px 0px 0px;\n-moz-border-radius:0px 0px 0px 0px;\nborder-radius:0px 0px 0px 0px;\n}\n<\/style>\n<div class='flex_column av-b53xb-10b38ccd4febfdd730f5494c1e2022ae av_one_fifth  avia-builder-el-30  el_after_av_three_fifth  avia-builder-el-last  flex_column_div av-zero-column-padding '     ><\/div>\n<\/div><\/div><\/div><!-- close content main div --><\/div><\/div><\/div><div id='after_section_2'  class='main_color av_default_container_wrap container_wrap sidebar_right'  ><div class='container av-section-cont-open' ><div class='template-page content  av-content-small alpha units'><div class='post-entry post-entry-type-page post-entry-255'><div class='entry-content-wrapper clearfix'>\n","protected":false},"excerpt":{"rendered":"","protected":false},"author":2,"featured_media":0,"parent":0,"menu_order":0,"comment_status":"closed","ping_status":"closed","template":"","meta":{"footnotes":""},"class_list":["post-255","page","type-page","status-publish","hentry"],"_links":{"self":[{"href":"https:\/\/medinarent.com\/medina\/wp-json\/wp\/v2\/pages\/255","targetHints":{"allow":["GET"]}}],"collection":[{"href":"https:\/\/medinarent.com\/medina\/wp-json\/wp\/v2\/pages"}],"about":[{"href":"https:\/\/medinarent.com\/medina\/wp-json\/wp\/v2\/types\/page"}],"author":[{"embeddable":true,"href":"https:\/\/medinarent.com\/medina\/wp-json\/wp\/v2\/users\/2"}],"replies":[{"embeddable":true,"href":"https:\/\/medinarent.com\/medina\/wp-json\/wp\/v2\/comments?post=255"}],"version-history":[{"count":31,"href":"https:\/\/medinarent.com\/medina\/wp-json\/wp\/v2\/pages\/255\/revisions"}],"predecessor-version":[{"id":453,"href":"https:\/\/medinarent.com\/medina\/wp-json\/wp\/v2\/pages\/255\/revisions\/453"}],"wp:attachment":[{"href":"https:\/\/medinarent.com\/medina\/wp-json\/wp\/v2\/media?parent=255"}],"curies":[{"name":"wp","href":"https:\/\/api.w.org\/{rel}","templated":true}]}}