{"id":874,"date":"2023-06-15T10:27:58","date_gmt":"2023-06-15T09:27:58","guid":{"rendered":"https:\/\/medinarent.com\/medina\/?page_id=874"},"modified":"2023-06-15T23:43:10","modified_gmt":"2023-06-15T22:43:10","slug":"ventajas-rent-to-rent-mallorca","status":"publish","type":"page","link":"https:\/\/medinarent.com\/medina\/ventajas-rent-to-rent-mallorca\/","title":{"rendered":"Ventajas Rent to Rent en Mallorca"},"content":{"rendered":"<div id='full_slider_1'  class='avia-fullwidth-slider main_color avia-shadow   avia-builder-el-0  el_before_av_layout_row  avia-builder-el-first   container_wrap sidebar_right'  ><div  class='avia-slideshow av-khvv16zc-0207d0288fa5a82175a4c05935a474a7 avia-slideshow-no scaling av_slideshow_full avia-slide-slider av-slideshow-ui av-control-default av-slideshow-manual av-loop-once av-loop-manual-endless av-default-height-applied   avia-slideshow-1' data-slideshow-options=\"{&quot;animation&quot;:&quot;slide&quot;,&quot;autoplay&quot;:false,&quot;loop_autoplay&quot;:&quot;once&quot;,&quot;interval&quot;:5,&quot;loop_manual&quot;:&quot;manual-endless&quot;,&quot;autoplay_stopper&quot;:false,&quot;noNavigation&quot;:false,&quot;bg_slider&quot;:false,&quot;keep_padding&quot;:false,&quot;hoverpause&quot;:false,&quot;show_slide_delay&quot;:0}\"  itemprop=\"image\" itemscope=\"itemscope\" itemtype=\"https:\/\/schema.org\/ImageObject\" ><ul class='avia-slideshow-inner ' style='padding-bottom: 47.5%;'><li  class='avia-slideshow-slide av-khvv16zc-0207d0288fa5a82175a4c05935a474a7__0  av-single-slide slide-1 slide-odd'><div data-rel='slideshow-1' class='avia-slide-wrap '   ><img decoding=\"async\" class=\"wp-image-917 avia-img-lazy-loading-not-917\"  src=\"https:\/\/medinarent.com\/medina\/wp-content\/uploads\/2023\/06\/slider02.png\" width=\"2000\" height=\"950\" title='slider02' alt=''  itemprop=\"thumbnailUrl\"  style='min-height:450px; min-width:948px; ' srcset=\"https:\/\/medinarent.com\/medina\/wp-content\/uploads\/2023\/06\/slider02.png 2000w, https:\/\/medinarent.com\/medina\/wp-content\/uploads\/2023\/06\/slider02-300x143.png 300w, https:\/\/medinarent.com\/medina\/wp-content\/uploads\/2023\/06\/slider02-1030x489.png 1030w, https:\/\/medinarent.com\/medina\/wp-content\/uploads\/2023\/06\/slider02-768x365.png 768w, https:\/\/medinarent.com\/medina\/wp-content\/uploads\/2023\/06\/slider02-1536x730.png 1536w, https:\/\/medinarent.com\/medina\/wp-content\/uploads\/2023\/06\/slider02-1500x713.png 1500w, https:\/\/medinarent.com\/medina\/wp-content\/uploads\/2023\/06\/slider02-705x335.png 705w\" sizes=\"(max-width: 2000px) 100vw, 2000px\" \/><div class='av-section-color-overlay' style='opacity: 0.3; background-color: #000000; '><\/div><\/div><\/li><\/ul><\/div><\/div>\n<div id='welcome'  class='av-layout-grid-container av-95mx7r-9f4c25637039392dc7405f6547656f07 entry-content-wrapper main_color av-fixed-cells  avia-builder-el-1  el_after_av_slideshow_full  el_before_av_heading  grid-row-not-first  container_wrap sidebar_right'  >\n\n<style type=\"text\/css\" data-created_by=\"avia_inline_auto\" id=\"style-css-av-925jbr-53a345ee29ca84fdeb8a531a3ab5f046\">\n.flex_cell.av-925jbr-53a345ee29ca84fdeb8a531a3ab5f046{\nvertical-align:top;\nheight:15px;\nmin-height:15px;\npadding:0px 0px 0px 0px;\nbackground-color:#bf930d;\n}\n<\/style>\n<div class='flex_cell av-925jbr-53a345ee29ca84fdeb8a531a3ab5f046 av-gridrow-cell av_one_fourth no_margin  avia-builder-el-2  el_before_av_cell_one_fourth  avia-builder-el-first  av-zero-padding' ><div class='flex_cell_inner'><\/div><\/div>\n<style type=\"text\/css\" data-created_by=\"avia_inline_auto\" id=\"style-css-av-8x61wn-aecc6b7d5a6ad77964b0a5787434055e\">\n.flex_cell.av-8x61wn-aecc6b7d5a6ad77964b0a5787434055e{\nvertical-align:top;\nheight:15px;\nmin-height:15px;\npadding:0px 0px 0px 0px;\nbackground-color:#cca93d;\n}\n<\/style>\n<div class='flex_cell av-8x61wn-aecc6b7d5a6ad77964b0a5787434055e av-gridrow-cell av_one_fourth no_margin  avia-builder-el-3  el_after_av_cell_one_fourth  el_before_av_cell_one_fourth  av-zero-padding' ><div class='flex_cell_inner'><\/div><\/div>\n<style type=\"text\/css\" data-created_by=\"avia_inline_auto\" id=\"style-css-av-8qpfof-fe1e27e8e6378fd761c66990eabbf880\">\n.flex_cell.av-8qpfof-fe1e27e8e6378fd761c66990eabbf880{\nvertical-align:top;\nheight:15px;\nmin-height:15px;\npadding:0px 0px 0px 0px;\nbackground-color:#dfc986;\n}\n<\/style>\n<div class='flex_cell av-8qpfof-fe1e27e8e6378fd761c66990eabbf880 av-gridrow-cell av_one_fourth no_margin  avia-builder-el-4  el_after_av_cell_one_fourth  el_before_av_cell_one_fourth  av-zero-padding' ><div class='flex_cell_inner'><\/div><\/div>\n<style type=\"text\/css\" data-created_by=\"avia_inline_auto\" id=\"style-css-av-8l7thb-0b43a3252c7012bc649f7b44e91ff413\">\n.flex_cell.av-8l7thb-0b43a3252c7012bc649f7b44e91ff413{\nvertical-align:top;\nheight:15px;\nmin-height:15px;\npadding:0px 0px 0px 0px;\nbackground-color:#ecdeb6;\n}\n<\/style>\n<div class='flex_cell av-8l7thb-0b43a3252c7012bc649f7b44e91ff413 av-gridrow-cell av_one_fourth no_margin  avia-builder-el-5  el_after_av_cell_one_fourth  avia-builder-el-last  av-zero-padding' ><div class='flex_cell_inner'><\/div><\/div>\n<\/div><div id='after_grid_row_1'  class='main_color av_default_container_wrap container_wrap sidebar_right'  ><div class='container av-section-cont-open' ><div class='template-page content  av-content-small alpha units'><div class='post-entry post-entry-type-page post-entry-874'><div class='entry-content-wrapper clearfix'>\n\n<style type=\"text\/css\" data-created_by=\"avia_inline_auto\" id=\"style-css-av-crot1-c24bf26526aebac916e4a07a2a58a6e4\">\n#top .av-special-heading.av-crot1-c24bf26526aebac916e4a07a2a58a6e4{\npadding-bottom:30px;\ncolor:#888888;\nfont-size:45px;\n}\nbody .av-special-heading.av-crot1-c24bf26526aebac916e4a07a2a58a6e4 .av-special-heading-tag .heading-char{\nfont-size:25px;\n}\n#top #wrap_all .av-special-heading.av-crot1-c24bf26526aebac916e4a07a2a58a6e4 .av-special-heading-tag{\nfont-size:45px;\n}\n.av-special-heading.av-crot1-c24bf26526aebac916e4a07a2a58a6e4 .special-heading-inner-border{\nborder-color:#888888;\n}\n.av-special-heading.av-crot1-c24bf26526aebac916e4a07a2a58a6e4 .av-subheading{\nfont-size:35px;\n}\n<\/style>\n<div  class='av-special-heading av-crot1-c24bf26526aebac916e4a07a2a58a6e4 av-special-heading-h1 custom-color-heading blockquote modern-quote modern-centered  avia-builder-el-6  el_after_av_layout_row  el_before_av_hr  avia-builder-el-first  av-inherit-size'><h1 class='av-special-heading-tag'  itemprop=\"headline\"  >Descubre todas las ventajas<\/h1><div class='av_custom_color av-subheading av-subheading_below'><p>Te damos todas las claves para que conf\u00edes en nuestro modelo<\/p>\n<\/div><div class=\"special-heading-border\"><div class=\"special-heading-inner-border\"><\/div><\/div><\/div>\n\n<style type=\"text\/css\" data-created_by=\"avia_inline_auto\" id=\"style-css-av-6bv70d-f7d0965c8addf225a147b17eeed5da99\">\n#top .hr.hr-invisible.av-6bv70d-f7d0965c8addf225a147b17eeed5da99{\nheight:20px;\n}\n<\/style>\n<div  class='hr av-6bv70d-f7d0965c8addf225a147b17eeed5da99 hr-invisible  avia-builder-el-7  el_after_av_heading  el_before_av_hr '><span class='hr-inner '><span class=\"hr-inner-style\"><\/span><\/span><\/div>\n\n<style type=\"text\/css\" data-created_by=\"avia_inline_auto\" id=\"style-css-av-6bv70d-19-9a959d4a845f188a71d4fa499ef7a988\">\n#top .hr.hr-invisible.av-6bv70d-19-9a959d4a845f188a71d4fa499ef7a988{\nheight:45px;\n}\n<\/style>\n<div  class='hr av-6bv70d-19-9a959d4a845f188a71d4fa499ef7a988 hr-invisible  avia-builder-el-8  el_after_av_hr  el_before_av_three_fifth '><span class='hr-inner '><span class=\"hr-inner-style\"><\/span><\/span><\/div>\n\n<style type=\"text\/css\" data-created_by=\"avia_inline_auto\" id=\"style-css-av-wperp-496153a0de7482efb281bdce324f5254\">\n.flex_column.av-wperp-496153a0de7482efb281bdce324f5254{\n-webkit-border-radius:0px 0px 0px 0px;\n-moz-border-radius:0px 0px 0px 0px;\nborder-radius:0px 0px 0px 0px;\n}\n<\/style>\n<div class='flex_column av-wperp-496153a0de7482efb281bdce324f5254 av_three_fifth  avia-builder-el-9  el_after_av_hr  el_before_av_two_fifth  first flex_column_div av-zero-column-padding '     ><p>\n<style type=\"text\/css\" data-created_by=\"avia_inline_auto\" id=\"style-css-av-114gul-06efa795422eccc02507aa98709f33c5\">\n#top .av-special-heading.av-114gul-06efa795422eccc02507aa98709f33c5{\npadding-bottom:20px;\nfont-size:35px;\n}\nbody .av-special-heading.av-114gul-06efa795422eccc02507aa98709f33c5 .av-special-heading-tag .heading-char{\nfont-size:25px;\n}\n#top #wrap_all .av-special-heading.av-114gul-06efa795422eccc02507aa98709f33c5 .av-special-heading-tag{\nfont-size:35px;\n}\n.av-special-heading.av-114gul-06efa795422eccc02507aa98709f33c5 .av-subheading{\nfont-size:15px;\n}\n<\/style>\n<div  class='av-special-heading av-114gul-06efa795422eccc02507aa98709f33c5 av-special-heading-h1 blockquote modern-quote  avia-builder-el-10  el_before_av_textblock  avia-builder-el-first  av-inherit-size'><h1 class='av-special-heading-tag'  itemprop=\"headline\"  >Ventajas MedinaRent<\/h1><div class=\"special-heading-border\"><div class=\"special-heading-inner-border\"><\/div><\/div><\/div><br \/>\n<section  class='av_textblock_section av-6gtxf9-e5552224b681f885d53c00213f16490f'  itemscope=\"itemscope\" itemtype=\"https:\/\/schema.org\/CreativeWork\" ><div class='avia_textblock'  itemprop=\"text\" ><p>El modelo de negocio <strong>Rent to Rent<\/strong> que <strong>MedinaRent<\/strong> le presenta, tambi\u00e9n conocido como alquiler con subarriendo, consiste en alquilar una propiedad a largo plazo y luego subarrendarla a corto plazo a terceros, obteniendo as\u00ed una rentabilidad mayor.<\/p>\n<\/div><\/section><br \/>\n\n<style type=\"text\/css\" data-created_by=\"avia_inline_auto\" id=\"style-css-av-6bv70d-18-b8c8a1b742f2fd331b6cb05eed1032ec\">\n#top .hr.hr-invisible.av-6bv70d-18-b8c8a1b742f2fd331b6cb05eed1032ec{\nheight:20px;\n}\n<\/style>\n<div  class='hr av-6bv70d-18-b8c8a1b742f2fd331b6cb05eed1032ec hr-invisible  avia-builder-el-12  el_after_av_textblock  el_before_av_heading '><span class='hr-inner '><span class=\"hr-inner-style\"><\/span><\/span><\/div><br \/>\n\n<style type=\"text\/css\" data-created_by=\"avia_inline_auto\" id=\"style-css-av-liwyuyi9-8c9359237612c6fa5939dc56fae27ebf\">\n#top .av-special-heading.av-liwyuyi9-8c9359237612c6fa5939dc56fae27ebf{\npadding-bottom:20px;\nfont-size:25px;\n}\nbody .av-special-heading.av-liwyuyi9-8c9359237612c6fa5939dc56fae27ebf .av-special-heading-tag .heading-char{\nfont-size:25px;\n}\n#top #wrap_all .av-special-heading.av-liwyuyi9-8c9359237612c6fa5939dc56fae27ebf .av-special-heading-tag{\nfont-size:25px;\n}\n.av-special-heading.av-liwyuyi9-8c9359237612c6fa5939dc56fae27ebf .av-subheading{\nfont-size:15px;\n}\n<\/style>\n<div  class='av-special-heading av-liwyuyi9-8c9359237612c6fa5939dc56fae27ebf av-special-heading-h1 blockquote modern-quote  avia-builder-el-13  el_after_av_hr  el_before_av_textblock  av-inherit-size'><h1 class='av-special-heading-tag'  itemprop=\"headline\"  >\u00bfPor qu\u00e9 Rent to Rent puede ser una buena opci\u00f3n para usted?<\/h1><div class='av-subheading av-subheading_below'><p>Algunas de las ventajas que ofrece este modelo de negocio:<\/p>\n<\/div><div class=\"special-heading-border\"><div class=\"special-heading-inner-border\"><\/div><\/div><\/div><br \/>\n<section  class='av_textblock_section av-liwyul0k-ed32cd48352e58d378c566e7f9411056'  itemscope=\"itemscope\" itemtype=\"https:\/\/schema.org\/CreativeWork\" ><div class='avia_textblock'  itemprop=\"text\" ><p><strong>1. Mayor rentabilidad<\/strong><br \/>\nEl modelo de<strong> Rent to Rent<\/strong> le permite obtener una rentabilidad mayor que la que obtendr\u00eda con un alquiler convencional. Al subarrendar la propiedad a corto plazo, puede obtener ingresos adicionales que superan los costos del alquiler.<\/p>\n<p><strong>2. Menor riesgo<\/strong><br \/>\nAl subarrendar la propiedad a corto plazo, no se corre el riesgo de tener un inquilino problem\u00e1tico a largo plazo que pueda da\u00f1ar la propiedad o no pagar el alquiler. Adem\u00e1s, el modelo de <strong>Rent to Rent<\/strong> permite tener una mayor rotaci\u00f3n de inquilinos, reduciendo as\u00ed el riesgo de impago.<\/p>\n<\/div><\/section><br \/>\n\n<style type=\"text\/css\" data-created_by=\"avia_inline_auto\" id=\"style-css-av-v3i2-e4e29684d39c8ec1e251c7e75f3d0ab0\">\n#top .hr.hr-invisible.av-v3i2-e4e29684d39c8ec1e251c7e75f3d0ab0{\nheight:20px;\n}\n<\/style>\n<div  class='hr av-v3i2-e4e29684d39c8ec1e251c7e75f3d0ab0 hr-invisible  avia-builder-el-15  el_after_av_textblock  el_before_av_textblock '><span class='hr-inner '><span class=\"hr-inner-style\"><\/span><\/span><\/div><br \/>\n<section  class='av_textblock_section av-lis2xoho-da06598f44b28910b5b0fec7648a0120'  itemscope=\"itemscope\" itemtype=\"https:\/\/schema.org\/CreativeWork\" ><div class='avia_textblock'  itemprop=\"text\" ><p><strong>3. Menor inversi\u00f3n inicial<\/strong><br \/>\nEl modelo de <strong>MedinaRent<\/strong> requiere una menor inversi\u00f3n inicial que la compra de una propiedad para alquilarla. Al alquilar la propiedad a largo plazo, no se requiere una gran inversi\u00f3n inicial para comprar la propiedad.<\/p>\n<p><strong>4. Flexibilidad<\/strong><br \/>\nEl modelo de <strong>MedinaRent<\/strong> le permite adaptarse a las demandas del mercado y a las necesidades de los inquilinos. Puede ajustar los precios y las condiciones de alquiler seg\u00fan la oferta y la demanda.<\/p>\n<p>Le invito a considerar esta opci\u00f3n de negocio y a ponerse en contacto conmigo para discutir los detalles. Estoy seguro de que podemos crear una relaci\u00f3n de negocios mutuamente beneficiosa.<\/p>\n<\/div><\/section><\/p><\/div>\n\n<style type=\"text\/css\" data-created_by=\"avia_inline_auto\" id=\"style-css-av-kji3x-29680afd2c5724073eec22a8cf5aa05b\">\n.flex_column.av-kji3x-29680afd2c5724073eec22a8cf5aa05b{\n-webkit-border-radius:0px 0px 0px 0px;\n-moz-border-radius:0px 0px 0px 0px;\nborder-radius:0px 0px 0px 0px;\n}\n<\/style>\n<div class='flex_column av-kji3x-29680afd2c5724073eec22a8cf5aa05b av_two_fifth  avia-builder-el-17  el_after_av_three_fifth  el_before_av_layout_row  avia-builder-el-last  flex_column_div av-zero-column-padding '     ><p>\n<style type=\"text\/css\" data-created_by=\"avia_inline_auto\" id=\"style-css-av-lis2x66m-9121b693d7db299c27377a550cd7f423\">\n.avia-image-container.av-lis2x66m-9121b693d7db299c27377a550cd7f423 img.avia_image{\nbox-shadow:none;\n}\n.avia-image-container.av-lis2x66m-9121b693d7db299c27377a550cd7f423 .av-image-caption-overlay-center{\ncolor:#ffffff;\n}\n<\/style>\n<div  class='avia-image-container av-lis2x66m-9121b693d7db299c27377a550cd7f423 av-styling- avia-align-center  avia-builder-el-18  el_before_av_hr  avia-builder-el-first '   itemprop=\"image\" itemscope=\"itemscope\" itemtype=\"https:\/\/schema.org\/ImageObject\" ><div class=\"avia-image-container-inner\"><div class=\"avia-image-overlay-wrap\"><img decoding=\"async\" class='wp-image-879 avia-img-lazy-loading-not-879 avia_image ' src=\"https:\/\/medinarent.com\/medina\/wp-content\/uploads\/2023\/06\/bloque_ventajas05.png\" alt='' title='bloque_ventajas05'  height=\"2224\" width=\"2080\"  itemprop=\"thumbnailUrl\" srcset=\"https:\/\/medinarent.com\/medina\/wp-content\/uploads\/2023\/06\/bloque_ventajas05.png 2080w, https:\/\/medinarent.com\/medina\/wp-content\/uploads\/2023\/06\/bloque_ventajas05-281x300.png 281w, https:\/\/medinarent.com\/medina\/wp-content\/uploads\/2023\/06\/bloque_ventajas05-963x1030.png 963w, https:\/\/medinarent.com\/medina\/wp-content\/uploads\/2023\/06\/bloque_ventajas05-768x821.png 768w, https:\/\/medinarent.com\/medina\/wp-content\/uploads\/2023\/06\/bloque_ventajas05-1437x1536.png 1437w, https:\/\/medinarent.com\/medina\/wp-content\/uploads\/2023\/06\/bloque_ventajas05-1915x2048.png 1915w, https:\/\/medinarent.com\/medina\/wp-content\/uploads\/2023\/06\/bloque_ventajas05-1403x1500.png 1403w, https:\/\/medinarent.com\/medina\/wp-content\/uploads\/2023\/06\/bloque_ventajas05-659x705.png 659w\" sizes=\"(max-width: 2080px) 100vw, 2080px\" \/><\/div><\/div><\/div><br \/>\n\n<style type=\"text\/css\" data-created_by=\"avia_inline_auto\" id=\"style-css-av-6bv70d-16-85c90c51a67d454ce59aa47aa23aca2f\">\n#top .hr.hr-invisible.av-6bv70d-16-85c90c51a67d454ce59aa47aa23aca2f{\nheight:20px;\n}\n<\/style>\n<div  class='hr av-6bv70d-16-85c90c51a67d454ce59aa47aa23aca2f hr-invisible  avia-builder-el-19  el_after_av_image  el_before_av_image '><span class='hr-inner '><span class=\"hr-inner-style\"><\/span><\/span><\/div><br \/>\n\n<style type=\"text\/css\" data-created_by=\"avia_inline_auto\" id=\"style-css-av-khxx6wyo-66bac31c4c478a4e598880468492fcf0\">\n.avia-image-container.av-khxx6wyo-66bac31c4c478a4e598880468492fcf0 img.avia_image{\nbox-shadow:none;\n}\n.avia-image-container.av-khxx6wyo-66bac31c4c478a4e598880468492fcf0 .av-image-caption-overlay-center{\ncolor:#ffffff;\n}\n<\/style>\n<div  class='avia-image-container av-khxx6wyo-66bac31c4c478a4e598880468492fcf0 av-styling- avia-align-center  avia-builder-el-20  el_after_av_hr  avia-builder-el-last '   itemprop=\"image\" itemscope=\"itemscope\" itemtype=\"https:\/\/schema.org\/ImageObject\" ><div class=\"avia-image-container-inner\"><div class=\"avia-image-overlay-wrap\"><img decoding=\"async\" class='wp-image-825 avia-img-lazy-loading-not-825 avia_image ' src=\"https:\/\/medinarent.com\/medina\/wp-content\/uploads\/2023\/06\/high-angle-beautiful-plants-home-scaled.jpg\" alt='' title='high-angle-beautiful-plants-home'  height=\"1707\" width=\"2560\"  itemprop=\"thumbnailUrl\" srcset=\"https:\/\/medinarent.com\/medina\/wp-content\/uploads\/2023\/06\/high-angle-beautiful-plants-home-scaled.jpg 2560w, https:\/\/medinarent.com\/medina\/wp-content\/uploads\/2023\/06\/high-angle-beautiful-plants-home-300x200.jpg 300w, https:\/\/medinarent.com\/medina\/wp-content\/uploads\/2023\/06\/high-angle-beautiful-plants-home-1030x687.jpg 1030w, https:\/\/medinarent.com\/medina\/wp-content\/uploads\/2023\/06\/high-angle-beautiful-plants-home-768x512.jpg 768w, https:\/\/medinarent.com\/medina\/wp-content\/uploads\/2023\/06\/high-angle-beautiful-plants-home-1536x1024.jpg 1536w, https:\/\/medinarent.com\/medina\/wp-content\/uploads\/2023\/06\/high-angle-beautiful-plants-home-2048x1365.jpg 2048w, https:\/\/medinarent.com\/medina\/wp-content\/uploads\/2023\/06\/high-angle-beautiful-plants-home-1500x1000.jpg 1500w, https:\/\/medinarent.com\/medina\/wp-content\/uploads\/2023\/06\/high-angle-beautiful-plants-home-705x470.jpg 705w\" sizes=\"(max-width: 2560px) 100vw, 2560px\" \/><\/div><\/div><\/div><\/p><\/div>\n<\/div><\/div><\/div><!-- close content main div --><\/div><\/div><div id='welcome'  class='av-layout-grid-container av-95mx7r-24-3eb2aa8ef5bc9421c912699b2a77ecba entry-content-wrapper main_color av-fixed-cells  avia-builder-el-21  el_after_av_two_fifth  avia-builder-el-last  grid-row-not-first  container_wrap sidebar_right'  >\n\n<style type=\"text\/css\" data-created_by=\"avia_inline_auto\" id=\"style-css-av-925jbr-23-c590be316b2b98dfd07aa8e28ff8abbb\">\n.flex_cell.av-925jbr-23-c590be316b2b98dfd07aa8e28ff8abbb{\nvertical-align:top;\nheight:15px;\nmin-height:15px;\npadding:0px 0px 0px 0px;\nbackground-color:#bf930d;\n}\n<\/style>\n<div class='flex_cell av-925jbr-23-c590be316b2b98dfd07aa8e28ff8abbb av-gridrow-cell av_one_fourth no_margin  avia-builder-el-22  el_before_av_cell_one_fourth  avia-builder-el-first  av-zero-padding' ><div class='flex_cell_inner'><\/div><\/div>\n<style type=\"text\/css\" data-created_by=\"avia_inline_auto\" id=\"style-css-av-8x61wn-22-8d40cb4b13ebf99b094aeac683b3fbc5\">\n.flex_cell.av-8x61wn-22-8d40cb4b13ebf99b094aeac683b3fbc5{\nvertical-align:top;\nheight:15px;\nmin-height:15px;\npadding:0px 0px 0px 0px;\nbackground-color:#cca93d;\n}\n<\/style>\n<div class='flex_cell av-8x61wn-22-8d40cb4b13ebf99b094aeac683b3fbc5 av-gridrow-cell av_one_fourth no_margin  avia-builder-el-23  el_after_av_cell_one_fourth  el_before_av_cell_one_fourth  av-zero-padding' ><div class='flex_cell_inner'><\/div><\/div>\n<style type=\"text\/css\" data-created_by=\"avia_inline_auto\" id=\"style-css-av-8qpfof-21-a24394d07224082f9535cbf13bf98a14\">\n.flex_cell.av-8qpfof-21-a24394d07224082f9535cbf13bf98a14{\nvertical-align:top;\nheight:15px;\nmin-height:15px;\npadding:0px 0px 0px 0px;\nbackground-color:#dfc986;\n}\n<\/style>\n<div class='flex_cell av-8qpfof-21-a24394d07224082f9535cbf13bf98a14 av-gridrow-cell av_one_fourth no_margin  avia-builder-el-24  el_after_av_cell_one_fourth  el_before_av_cell_one_fourth  av-zero-padding' ><div class='flex_cell_inner'><\/div><\/div>\n<style type=\"text\/css\" data-created_by=\"avia_inline_auto\" id=\"style-css-av-8l7thb-20-ad95b59e681c7d184e0313dc75563ebb\">\n.flex_cell.av-8l7thb-20-ad95b59e681c7d184e0313dc75563ebb{\nvertical-align:top;\nheight:15px;\nmin-height:15px;\npadding:0px 0px 0px 0px;\nbackground-color:#ecdeb6;\n}\n<\/style>\n<div class='flex_cell av-8l7thb-20-ad95b59e681c7d184e0313dc75563ebb av-gridrow-cell av_one_fourth no_margin  avia-builder-el-25  el_after_av_cell_one_fourth  avia-builder-el-last  av-zero-padding' ><div class='flex_cell_inner'><\/div><\/div>\n<\/div>\n","protected":false},"excerpt":{"rendered":"","protected":false},"author":2,"featured_media":0,"parent":0,"menu_order":0,"comment_status":"closed","ping_status":"closed","template":"","meta":{"footnotes":""},"class_list":["post-874","page","type-page","status-publish","hentry"],"_links":{"self":[{"href":"https:\/\/medinarent.com\/medina\/wp-json\/wp\/v2\/pages\/874","targetHints":{"allow":["GET"]}}],"collection":[{"href":"https:\/\/medinarent.com\/medina\/wp-json\/wp\/v2\/pages"}],"about":[{"href":"https:\/\/medinarent.com\/medina\/wp-json\/wp\/v2\/types\/page"}],"author":[{"embeddable":true,"href":"https:\/\/medinarent.com\/medina\/wp-json\/wp\/v2\/users\/2"}],"replies":[{"embeddable":true,"href":"https:\/\/medinarent.com\/medina\/wp-json\/wp\/v2\/comments?post=874"}],"version-history":[{"count":6,"href":"https:\/\/medinarent.com\/medina\/wp-json\/wp\/v2\/pages\/874\/revisions"}],"predecessor-version":[{"id":918,"href":"https:\/\/medinarent.com\/medina\/wp-json\/wp\/v2\/pages\/874\/revisions\/918"}],"wp:attachment":[{"href":"https:\/\/medinarent.com\/medina\/wp-json\/wp\/v2\/media?parent=874"}],"curies":[{"name":"wp","href":"https:\/\/api.w.org\/{rel}","templated":true}]}}