{"id":883,"date":"2023-06-15T10:58:33","date_gmt":"2023-06-15T09:58:33","guid":{"rendered":"https:\/\/medinarent.com\/medina\/?page_id=883"},"modified":"2023-06-15T23:40:04","modified_gmt":"2023-06-15T22:40:04","slug":"gestion-rent-to-rent-en-mallorca","status":"publish","type":"page","link":"https:\/\/medinarent.com\/medina\/gestion-rent-to-rent-en-mallorca\/","title":{"rendered":"Gesti\u00f3n Rent to Rent en Mallorca"},"content":{"rendered":"<div id='full_slider_1'  class='avia-fullwidth-slider main_color avia-shadow   avia-builder-el-0  el_before_av_hr  avia-builder-el-first   container_wrap sidebar_right'  ><div  class='avia-slideshow av-khvv16zc-0207d0288fa5a82175a4c05935a474a7 avia-slideshow-no scaling av_slideshow_full avia-slide-slider av-slideshow-ui av-control-default av-slideshow-manual av-loop-once av-loop-manual-endless av-default-height-applied   avia-slideshow-1' data-slideshow-options=\"{&quot;animation&quot;:&quot;slide&quot;,&quot;autoplay&quot;:false,&quot;loop_autoplay&quot;:&quot;once&quot;,&quot;interval&quot;:5,&quot;loop_manual&quot;:&quot;manual-endless&quot;,&quot;autoplay_stopper&quot;:false,&quot;noNavigation&quot;:false,&quot;bg_slider&quot;:false,&quot;keep_padding&quot;:false,&quot;hoverpause&quot;:false,&quot;show_slide_delay&quot;:0}\"  itemprop=\"image\" itemscope=\"itemscope\" itemtype=\"https:\/\/schema.org\/ImageObject\" ><ul class='avia-slideshow-inner ' style='padding-bottom: 47.5%;'><li  class='avia-slideshow-slide av-khvv16zc-0207d0288fa5a82175a4c05935a474a7__0  av-single-slide slide-1 slide-odd'><div data-rel='slideshow-1' class='avia-slide-wrap '   ><img decoding=\"async\" class=\"wp-image-877 avia-img-lazy-loading-not-877\"  src=\"https:\/\/medinarent.com\/medina\/wp-content\/uploads\/2023\/06\/slider04.png\" width=\"2000\" height=\"950\" title='slider04' alt=''  itemprop=\"thumbnailUrl\"  style='min-height:450px; min-width:948px; ' srcset=\"https:\/\/medinarent.com\/medina\/wp-content\/uploads\/2023\/06\/slider04.png 2000w, https:\/\/medinarent.com\/medina\/wp-content\/uploads\/2023\/06\/slider04-300x143.png 300w, https:\/\/medinarent.com\/medina\/wp-content\/uploads\/2023\/06\/slider04-1030x489.png 1030w, https:\/\/medinarent.com\/medina\/wp-content\/uploads\/2023\/06\/slider04-768x365.png 768w, https:\/\/medinarent.com\/medina\/wp-content\/uploads\/2023\/06\/slider04-1536x730.png 1536w, https:\/\/medinarent.com\/medina\/wp-content\/uploads\/2023\/06\/slider04-1500x713.png 1500w, https:\/\/medinarent.com\/medina\/wp-content\/uploads\/2023\/06\/slider04-705x335.png 705w\" sizes=\"(max-width: 2000px) 100vw, 2000px\" \/><div class='av-section-color-overlay' style='opacity: 0.3; background-color: #000000; '><\/div><\/div><\/li><\/ul><\/div><\/div><div id='after_full_slider_1'  class='main_color av_default_container_wrap container_wrap sidebar_right'  ><div class='container av-section-cont-open' ><div class='template-page content  av-content-small alpha units'><div class='post-entry post-entry-type-page post-entry-883'><div class='entry-content-wrapper clearfix'>\n\n<style type=\"text\/css\" data-created_by=\"avia_inline_auto\" id=\"style-css-av-6bv70d-19-9a959d4a845f188a71d4fa499ef7a988\">\n#top .hr.hr-invisible.av-6bv70d-19-9a959d4a845f188a71d4fa499ef7a988{\nheight:45px;\n}\n<\/style>\n<div  class='hr av-6bv70d-19-9a959d4a845f188a71d4fa499ef7a988 hr-invisible  avia-builder-el-1  el_after_av_slideshow_full  el_before_av_heading  avia-builder-el-first '><span class='hr-inner '><span class=\"hr-inner-style\"><\/span><\/span><\/div>\n\n<style type=\"text\/css\" data-created_by=\"avia_inline_auto\" id=\"style-css-av-crot1-3a73b6710793323d99fe50944692cd6e\">\n#top .av-special-heading.av-crot1-3a73b6710793323d99fe50944692cd6e{\npadding-bottom:30px;\ncolor:#888888;\nfont-size:45px;\n}\nbody .av-special-heading.av-crot1-3a73b6710793323d99fe50944692cd6e .av-special-heading-tag .heading-char{\nfont-size:25px;\n}\n#top #wrap_all .av-special-heading.av-crot1-3a73b6710793323d99fe50944692cd6e .av-special-heading-tag{\nfont-size:45px;\n}\n.av-special-heading.av-crot1-3a73b6710793323d99fe50944692cd6e .special-heading-inner-border{\nborder-color:#888888;\n}\n.av-special-heading.av-crot1-3a73b6710793323d99fe50944692cd6e .av-subheading{\nfont-size:35px;\n}\n<\/style>\n<div  class='av-special-heading av-crot1-3a73b6710793323d99fe50944692cd6e av-special-heading-h1 custom-color-heading blockquote modern-quote modern-centered  avia-builder-el-2  el_after_av_hr  el_before_av_hr  av-inherit-size'><h1 class='av-special-heading-tag'  itemprop=\"headline\"  >Gesti\u00f3n Rent to Rent<\/h1><div class='av_custom_color av-subheading av-subheading_below'><p>Despreoc\u00fapate de tu propiedad obteniendo m\u00e1s rentabilidad y seguridad<\/p>\n<\/div><div class=\"special-heading-border\"><div class=\"special-heading-inner-border\"><\/div><\/div><\/div>\n\n<style type=\"text\/css\" data-created_by=\"avia_inline_auto\" id=\"style-css-av-av_hr-db128f770916659c307478d93c7c422d\">\n#top .hr.hr-invisible.av-av_hr-db128f770916659c307478d93c7c422d{\nheight:45px;\n}\n<\/style>\n<div  class='hr av-av_hr-db128f770916659c307478d93c7c422d hr-invisible  avia-builder-el-3  el_after_av_heading  el_before_av_three_fifth '><span class='hr-inner '><span class=\"hr-inner-style\"><\/span><\/span><\/div>\n\n<style type=\"text\/css\" data-created_by=\"avia_inline_auto\" id=\"style-css-av-wperp-496153a0de7482efb281bdce324f5254\">\n.flex_column.av-wperp-496153a0de7482efb281bdce324f5254{\n-webkit-border-radius:0px 0px 0px 0px;\n-moz-border-radius:0px 0px 0px 0px;\nborder-radius:0px 0px 0px 0px;\n}\n<\/style>\n<div class='flex_column av-wperp-496153a0de7482efb281bdce324f5254 av_three_fifth  avia-builder-el-4  el_after_av_hr  el_before_av_two_fifth  first flex_column_div av-zero-column-padding '     ><p>\n<style type=\"text\/css\" data-created_by=\"avia_inline_auto\" id=\"style-css-av-liwyuyi9-01296529d3d44a9162cf746309865da9\">\n#top .av-special-heading.av-liwyuyi9-01296529d3d44a9162cf746309865da9{\npadding-bottom:20px;\nfont-size:25px;\n}\nbody .av-special-heading.av-liwyuyi9-01296529d3d44a9162cf746309865da9 .av-special-heading-tag .heading-char{\nfont-size:25px;\n}\n#top #wrap_all .av-special-heading.av-liwyuyi9-01296529d3d44a9162cf746309865da9 .av-special-heading-tag{\nfont-size:25px;\n}\n.av-special-heading.av-liwyuyi9-01296529d3d44a9162cf746309865da9 .av-subheading{\nfont-size:15px;\n}\n<\/style>\n<div  class='av-special-heading av-liwyuyi9-01296529d3d44a9162cf746309865da9 av-special-heading-h1 blockquote modern-quote  avia-builder-el-5  el_before_av_textblock  avia-builder-el-first  av-inherit-size'><h1 class='av-special-heading-tag'  itemprop=\"headline\"  >Gestionamos el alquiler como estrategia de inversi\u00f3n inmobiliaria subarrendando la propiedad a los inquilinos.<\/h1><div class='av-subheading av-subheading_below'><p>MedinaRent act\u00faa como intermediario entre el propietario y los inquilinos, cuidando la propiedad y gestionando el proceso de alquiler.<\/p>\n<\/div><div class=\"special-heading-border\"><div class=\"special-heading-inner-border\"><\/div><\/div><\/div><br \/>\n<section  class='av_textblock_section av-6gtxf9-e5552224b681f885d53c00213f16490f'  itemscope=\"itemscope\" itemtype=\"https:\/\/schema.org\/CreativeWork\" ><div class='avia_textblock'  itemprop=\"text\" ><p>Estos son los aspectos clave de la gesti\u00f3n que <strong>MedinaRent<\/strong> le ofrece:<\/p>\n<p><strong>1. Arrendamiento de propiedad<\/strong><br \/>\nDeterminado con total transparencia los t\u00e9rminos del contrato de arrendamiento, incluidos el alquiler, las responsabilidades y las renovaciones requeridas.<\/p>\n<p><strong>2. Mejoras<\/strong><br \/>\nEn algunos casos, invertimos para restaurar o renovar la propiedad para que sea m\u00e1s atractiva para los inquilinos potenciales. Esto puede implicar cambios est\u00e9ticos, reparaciones o incluso renovaciones, seg\u00fan el estado de la propiedad y el plan de negocios del administrador.<\/p>\n<\/div><\/section><br \/>\n\n<style type=\"text\/css\" data-created_by=\"avia_inline_auto\" id=\"style-css-av-bt3x7-871ea3d4968c472ca1cb293280eea6fa\">\n#top .hr.hr-invisible.av-bt3x7-871ea3d4968c472ca1cb293280eea6fa{\nheight:20px;\n}\n<\/style>\n<div  class='hr av-bt3x7-871ea3d4968c472ca1cb293280eea6fa hr-invisible  avia-builder-el-7  el_after_av_textblock  el_before_av_textblock '><span class='hr-inner '><span class=\"hr-inner-style\"><\/span><\/span><\/div><br \/>\n<section  class='av_textblock_section av-lis2xoho-da06598f44b28910b5b0fec7648a0120'  itemscope=\"itemscope\" itemtype=\"https:\/\/schema.org\/CreativeWork\" ><div class='avia_textblock'  itemprop=\"text\" ><p><strong>3. Estrategia de venta<\/strong><br \/>\nComercializaci\u00f3n y buscamos inquilinos con opci\u00f3n a un alquiler con garant\u00edas. Realizamos consultas, visitas y seleccionamos a los posibles inquilinos para garantizar que cumplan con los criterios necesarios, como verificaci\u00f3n de empleo y verificaci\u00f3n de cr\u00e9dito.<\/p>\n<p><strong>4. Subarrendamiento<\/strong><br \/>\nDespu\u00e9s de seleccionar a los inquilinos adecuados, subarrendamos la propiedad bajo un contrato de arrendamiento por separado y con total transparencia.<\/p>\n<p><strong>5. Administraci\u00f3n<\/strong><br \/>\nDurante el arrendamiento, nos responsabilizamos del mantenimiento de la propiedad, las reparaciones y la gesti\u00f3n de cualquier problema. Gestionamos el cobro, las visitas de propiedades y actuamos como el principal punto de contacto para los inquilinos.<\/p>\n<\/div><\/section><\/p><\/div>\n<style type=\"text\/css\" data-created_by=\"avia_inline_auto\" id=\"style-css-av-kji3x-29680afd2c5724073eec22a8cf5aa05b\">\n.flex_column.av-kji3x-29680afd2c5724073eec22a8cf5aa05b{\n-webkit-border-radius:0px 0px 0px 0px;\n-moz-border-radius:0px 0px 0px 0px;\nborder-radius:0px 0px 0px 0px;\n}\n<\/style>\n<div class='flex_column av-kji3x-29680afd2c5724073eec22a8cf5aa05b av_two_fifth  avia-builder-el-9  el_after_av_three_fifth  el_before_av_hr  flex_column_div av-zero-column-padding '     ><p>\n<style type=\"text\/css\" data-created_by=\"avia_inline_auto\" id=\"style-css-av-lis2x66m-dcb445c93f59b95f90056d22d5ca1bb1\">\n.avia-image-container.av-lis2x66m-dcb445c93f59b95f90056d22d5ca1bb1 img.avia_image{\nbox-shadow:none;\n}\n.avia-image-container.av-lis2x66m-dcb445c93f59b95f90056d22d5ca1bb1 .av-image-caption-overlay-center{\ncolor:#ffffff;\n}\n<\/style>\n<div  class='avia-image-container av-lis2x66m-dcb445c93f59b95f90056d22d5ca1bb1 av-styling- avia-align-center  avia-builder-el-10  el_before_av_hr  avia-builder-el-first '   itemprop=\"image\" itemscope=\"itemscope\" itemtype=\"https:\/\/schema.org\/ImageObject\" ><div class=\"avia-image-container-inner\"><div class=\"avia-image-overlay-wrap\"><img decoding=\"async\" class='wp-image-655 avia-img-lazy-loading-not-655 avia_image ' src=\"https:\/\/medinarent.com\/medina\/wp-content\/uploads\/2021\/09\/CHALETBONAIREC-11_d9721756.jpg\" alt='Medina &amp; Partner Luxury Properties Mallorca' title='Medina &amp; Partner Luxury Properties Mallorca'  height=\"1066\" width=\"1600\"  itemprop=\"thumbnailUrl\" srcset=\"https:\/\/medinarent.com\/medina\/wp-content\/uploads\/2021\/09\/CHALETBONAIREC-11_d9721756.jpg 1600w, https:\/\/medinarent.com\/medina\/wp-content\/uploads\/2021\/09\/CHALETBONAIREC-11_d9721756-300x200.jpg 300w, https:\/\/medinarent.com\/medina\/wp-content\/uploads\/2021\/09\/CHALETBONAIREC-11_d9721756-1030x686.jpg 1030w, https:\/\/medinarent.com\/medina\/wp-content\/uploads\/2021\/09\/CHALETBONAIREC-11_d9721756-768x512.jpg 768w, https:\/\/medinarent.com\/medina\/wp-content\/uploads\/2021\/09\/CHALETBONAIREC-11_d9721756-1536x1023.jpg 1536w, https:\/\/medinarent.com\/medina\/wp-content\/uploads\/2021\/09\/CHALETBONAIREC-11_d9721756-1500x999.jpg 1500w, https:\/\/medinarent.com\/medina\/wp-content\/uploads\/2021\/09\/CHALETBONAIREC-11_d9721756-705x470.jpg 705w\" sizes=\"(max-width: 1600px) 100vw, 1600px\" \/><\/div><\/div><\/div><br \/>\n\n<style type=\"text\/css\" data-created_by=\"avia_inline_auto\" id=\"style-css-av-6bv70d-16-85c90c51a67d454ce59aa47aa23aca2f\">\n#top .hr.hr-invisible.av-6bv70d-16-85c90c51a67d454ce59aa47aa23aca2f{\nheight:20px;\n}\n<\/style>\n<div  class='hr av-6bv70d-16-85c90c51a67d454ce59aa47aa23aca2f hr-invisible  avia-builder-el-11  el_after_av_image  el_before_av_image '><span class='hr-inner '><span class=\"hr-inner-style\"><\/span><\/span><\/div><br \/>\n\n<style type=\"text\/css\" data-created_by=\"avia_inline_auto\" id=\"style-css-av-khxx6wyo-4fa41840739717467649101a6283cd1c\">\n.avia-image-container.av-khxx6wyo-4fa41840739717467649101a6283cd1c img.avia_image{\nbox-shadow:none;\n}\n.avia-image-container.av-khxx6wyo-4fa41840739717467649101a6283cd1c .av-image-caption-overlay-center{\ncolor:#ffffff;\n}\n<\/style>\n<div  class='avia-image-container av-khxx6wyo-4fa41840739717467649101a6283cd1c av-styling- avia-align-center  avia-builder-el-12  el_after_av_hr  avia-builder-el-last '   itemprop=\"image\" itemscope=\"itemscope\" itemtype=\"https:\/\/schema.org\/ImageObject\" ><div class=\"avia-image-container-inner\"><div class=\"avia-image-overlay-wrap\"><img decoding=\"async\" class='wp-image-652 avia-img-lazy-loading-not-652 avia_image ' src=\"https:\/\/medinarent.com\/medina\/wp-content\/uploads\/2021\/09\/CHALETBONAIREC-11_597447db.jpg\" alt='Medina &amp; Partner Luxury Properties Mallorca' title='Medina &amp; Partner Luxury Properties Mallorca'  height=\"1066\" width=\"1600\"  itemprop=\"thumbnailUrl\" srcset=\"https:\/\/medinarent.com\/medina\/wp-content\/uploads\/2021\/09\/CHALETBONAIREC-11_597447db.jpg 1600w, https:\/\/medinarent.com\/medina\/wp-content\/uploads\/2021\/09\/CHALETBONAIREC-11_597447db-300x200.jpg 300w, https:\/\/medinarent.com\/medina\/wp-content\/uploads\/2021\/09\/CHALETBONAIREC-11_597447db-1030x686.jpg 1030w, https:\/\/medinarent.com\/medina\/wp-content\/uploads\/2021\/09\/CHALETBONAIREC-11_597447db-768x512.jpg 768w, https:\/\/medinarent.com\/medina\/wp-content\/uploads\/2021\/09\/CHALETBONAIREC-11_597447db-1536x1023.jpg 1536w, https:\/\/medinarent.com\/medina\/wp-content\/uploads\/2021\/09\/CHALETBONAIREC-11_597447db-1500x999.jpg 1500w, https:\/\/medinarent.com\/medina\/wp-content\/uploads\/2021\/09\/CHALETBONAIREC-11_597447db-705x470.jpg 705w\" sizes=\"(max-width: 1600px) 100vw, 1600px\" \/><\/div><\/div><\/div><\/p><\/div><\/p>\n\n<style type=\"text\/css\" data-created_by=\"avia_inline_auto\" id=\"style-css-av-6bv70d-f7d0965c8addf225a147b17eeed5da99\">\n#top .hr.hr-invisible.av-6bv70d-f7d0965c8addf225a147b17eeed5da99{\nheight:20px;\n}\n<\/style>\n<div  class='hr av-6bv70d-f7d0965c8addf225a147b17eeed5da99 hr-invisible  avia-builder-el-13  el_after_av_two_fifth  el_before_av_layout_row  avia-builder-el-last '><span class='hr-inner '><span class=\"hr-inner-style\"><\/span><\/span><\/div>\n<\/div><\/div><\/div><!-- close content main div --><\/div><\/div><div id='welcome'  class='av-layout-grid-container av-y5hhf-bc2692d51ef9807322ed3b57ebdb7d2b entry-content-wrapper main_color av-fixed-cells  avia-builder-el-14  el_after_av_hr  avia-builder-el-last  grid-row-not-first  container_wrap sidebar_right'  >\n\n<style type=\"text\/css\" data-created_by=\"avia_inline_auto\" id=\"style-css-av-rm0mr-f4c08a0dad2fcfdb12d1537151ce27f7\">\n.flex_cell.av-rm0mr-f4c08a0dad2fcfdb12d1537151ce27f7{\nvertical-align:top;\nheight:15px;\nmin-height:15px;\npadding:0px 0px 0px 0px;\nbackground-color:#bf930d;\n}\n<\/style>\n<div class='flex_cell av-rm0mr-f4c08a0dad2fcfdb12d1537151ce27f7 av-gridrow-cell av_one_fourth no_margin  avia-builder-el-15  el_before_av_cell_one_fourth  avia-builder-el-first  av-zero-padding' ><div class='flex_cell_inner'><\/div><\/div>\n<style type=\"text\/css\" data-created_by=\"avia_inline_auto\" id=\"style-css-av-k18ez-a182896406fa83f68e11e4ed5e641ec4\">\n.flex_cell.av-k18ez-a182896406fa83f68e11e4ed5e641ec4{\nvertical-align:top;\nheight:15px;\nmin-height:15px;\npadding:0px 0px 0px 0px;\nbackground-color:#cca93d;\n}\n<\/style>\n<div class='flex_cell av-k18ez-a182896406fa83f68e11e4ed5e641ec4 av-gridrow-cell av_one_fourth no_margin  avia-builder-el-16  el_after_av_cell_one_fourth  el_before_av_cell_one_fourth  av-zero-padding' ><div class='flex_cell_inner'><\/div><\/div>\n<style type=\"text\/css\" data-created_by=\"avia_inline_auto\" id=\"style-css-av-d2uiz-b61de4aa846df2f653ec28e549531d21\">\n.flex_cell.av-d2uiz-b61de4aa846df2f653ec28e549531d21{\nvertical-align:top;\nheight:15px;\nmin-height:15px;\npadding:0px 0px 0px 0px;\nbackground-color:#dfc986;\n}\n<\/style>\n<div class='flex_cell av-d2uiz-b61de4aa846df2f653ec28e549531d21 av-gridrow-cell av_one_fourth no_margin  avia-builder-el-17  el_after_av_cell_one_fourth  el_before_av_cell_one_fourth  av-zero-padding' ><div class='flex_cell_inner'><\/div><\/div>\n<style type=\"text\/css\" data-created_by=\"avia_inline_auto\" id=\"style-css-av-7q7cb-123e53a626d5dcda91b8a363cdefbe40\">\n.flex_cell.av-7q7cb-123e53a626d5dcda91b8a363cdefbe40{\nvertical-align:top;\nheight:15px;\nmin-height:15px;\npadding:0px 0px 0px 0px;\nbackground-color:#ecdeb6;\n}\n<\/style>\n<div class='flex_cell av-7q7cb-123e53a626d5dcda91b8a363cdefbe40 av-gridrow-cell av_one_fourth no_margin  avia-builder-el-18  el_after_av_cell_one_fourth  avia-builder-el-last  av-zero-padding' ><div class='flex_cell_inner'><\/div><\/div>\n<\/div>\n","protected":false},"excerpt":{"rendered":"","protected":false},"author":2,"featured_media":0,"parent":0,"menu_order":0,"comment_status":"closed","ping_status":"closed","template":"","meta":{"footnotes":""},"class_list":["post-883","page","type-page","status-publish","hentry"],"_links":{"self":[{"href":"https:\/\/medinarent.com\/medina\/wp-json\/wp\/v2\/pages\/883","targetHints":{"allow":["GET"]}}],"collection":[{"href":"https:\/\/medinarent.com\/medina\/wp-json\/wp\/v2\/pages"}],"about":[{"href":"https:\/\/medinarent.com\/medina\/wp-json\/wp\/v2\/types\/page"}],"author":[{"embeddable":true,"href":"https:\/\/medinarent.com\/medina\/wp-json\/wp\/v2\/users\/2"}],"replies":[{"embeddable":true,"href":"https:\/\/medinarent.com\/medina\/wp-json\/wp\/v2\/comments?post=883"}],"version-history":[{"count":10,"href":"https:\/\/medinarent.com\/medina\/wp-json\/wp\/v2\/pages\/883\/revisions"}],"predecessor-version":[{"id":915,"href":"https:\/\/medinarent.com\/medina\/wp-json\/wp\/v2\/pages\/883\/revisions\/915"}],"wp:attachment":[{"href":"https:\/\/medinarent.com\/medina\/wp-json\/wp\/v2\/media?parent=883"}],"curies":[{"name":"wp","href":"https:\/\/api.w.org\/{rel}","templated":true}]}}